{"id":26,"date":"2025-01-03T16:22:19","date_gmt":"2025-01-03T19:22:19","guid":{"rendered":"https:\/\/labcorr.coppe.ufrj.br\/?page_id=26"},"modified":"2025-10-22T10:49:02","modified_gmt":"2025-10-22T13:49:02","slug":"parceiros","status":"publish","type":"page","link":"https:\/\/labcorr.coppe.ufrj.br\/index.php\/parceiros\/","title":{"rendered":"Parceiros"},"content":{"rendered":"\t\t<div data-elementor-type=\"wp-page\" data-elementor-id=\"26\" class=\"elementor elementor-26\" data-elementor-post-type=\"page\">\n\t\t\t\t<div class=\"elementor-element elementor-element-8d35a51 e-flex e-con-boxed wpr-particle-no wpr-jarallax-no wpr-parallax-no wpr-sticky-section-no wpr-column-slider-no wpr-equal-height-no e-con e-parent\" data-id=\"8d35a51\" data-element_type=\"container\" data-e-type=\"container\" data-settings=\"{&quot;jet_parallax_layout_list&quot;:[]}\">\n\t\t\t\t\t<div class=\"e-con-inner\">\n\t\t<div class=\"elementor-element elementor-element-8c200c6 e-con-full e-flex wpr-particle-no wpr-jarallax-no wpr-parallax-no wpr-sticky-section-no wpr-column-slider-no wpr-equal-height-no e-con e-child\" data-id=\"8c200c6\" data-element_type=\"container\" data-e-type=\"container\" data-settings=\"{&quot;jet_parallax_layout_list&quot;:[]}\">\n\t\t<div class=\"elementor-element elementor-element-941e0bb e-con-full e-flex wpr-particle-no wpr-jarallax-no wpr-parallax-no wpr-sticky-section-no wpr-column-slider-no wpr-equal-height-no e-con e-child\" data-id=\"941e0bb\" data-element_type=\"container\" data-e-type=\"container\" data-settings=\"{&quot;background_background&quot;:&quot;classic&quot;,&quot;jet_parallax_layout_list&quot;:[]}\">\n\t\t\t\t<div class=\"elementor-element elementor-element-4d30958 jet-breadcrumbs-align-left elementor-widget elementor-widget-jet-breadcrumbs\" data-id=\"4d30958\" data-element_type=\"widget\" data-e-type=\"widget\" data-widget_type=\"jet-breadcrumbs.default\">\n\t\t\t\t<div class=\"elementor-widget-container\">\n\t\t\t\t\t<div class=\"elementor-jet-breadcrumbs jet-blocks\">\n\t\t<div class=\"jet-breadcrumbs\">\n\t\t<div class=\"jet-breadcrumbs__content\">\n\t\t\t<div class=\"jet-breadcrumbs__browse\">Voc\u00ea est\u00e1 aqui:<\/div> \n\t\t<div class=\"jet-breadcrumbs__wrap\"><div class=\"jet-breadcrumbs__item\"><a href=\"https:\/\/labcorr.coppe.ufrj.br\/\" class=\"jet-breadcrumbs__item-link is-home\" rel=\"home\" title=\"In\u00edcio\">In\u00edcio<\/a><\/div>\n\t\t<\/div>\n\t\t<\/div>\n\t\t<\/div><\/div>\t\t\t\t<\/div>\n\t\t\t\t<\/div>\n\t\t\t\t<\/div>\n\t\t\t\t<\/div>\n\t\t\t\t\t<\/div>\n\t\t\t\t<\/div>\n\t\t<div class=\"elementor-element elementor-element-628d92c e-flex e-con-boxed wpr-particle-no wpr-jarallax-no wpr-parallax-no wpr-sticky-section-no wpr-column-slider-no wpr-equal-height-no e-con e-parent\" data-id=\"628d92c\" data-element_type=\"container\" data-e-type=\"container\" data-settings=\"{&quot;jet_parallax_layout_list&quot;:[],&quot;background_background&quot;:&quot;classic&quot;}\">\n\t\t\t\t\t<div class=\"e-con-inner\">\n\t\t\t\t<div class=\"elementor-element elementor-element-fa7632c elementor-widget-divider--view-line elementor-widget elementor-widget-divider\" data-id=\"fa7632c\" data-element_type=\"widget\" data-e-type=\"widget\" data-widget_type=\"divider.default\">\n\t\t\t\t<div class=\"elementor-widget-container\">\n\t\t\t\t\t\t\t<div class=\"elementor-divider\">\n\t\t\t<span class=\"elementor-divider-separator\">\n\t\t\t\t\t\t<\/span>\n\t\t<\/div>\n\t\t\t\t\t\t<\/div>\n\t\t\t\t<\/div>\n\t\t\t\t<div class=\"elementor-element elementor-element-92b928e parceiros elementor-widget elementor-widget-text-editor\" data-id=\"92b928e\" data-element_type=\"widget\" data-e-type=\"widget\" data-widget_type=\"text-editor.default\">\n\t\t\t\t<div class=\"elementor-widget-container\">\n\t\t\t\t\t\t\t\t\t<div class=\"parceiros\"><a href=\"https:\/\/www.repsol.pt\/particulares\/\" target=\"_blank\" rel=\"noopener\"><img decoding=\"async\" class=\"wp-image-9368 alignnone\" src=\"https:\/\/labcorr.coppe.ufrj.br\/wp-content\/uploads\/2025\/07\/29_07_LABCORR_LogosParceiros_REPSOL.png\" alt=\"\" width=\"250\" height=\"150\" \/><\/a> <a href=\"http:\/\/www.aracruz.com.br\/\" target=\"_blank\" rel=\"noopener\"><img decoding=\"async\" class=\"wp-image-9370 alignnone\" src=\"https:\/\/labcorr.coppe.ufrj.br\/wp-content\/uploads\/2025\/07\/29_07_LABCORR_LogosParceiros_Aracruz.png\" alt=\"\" width=\"250\" height=\"150\" \/><\/a> \u00a0<a href=\"https:\/\/prominp.com.br\/\" target=\"_blank\" rel=\"noopener\"><img decoding=\"async\" class=\"wp-image-9371 alignnone\" src=\"https:\/\/labcorr.coppe.ufrj.br\/wp-content\/uploads\/2025\/07\/29_07_LABCORR_LogosParceiros_Prominp.png\" alt=\"\" width=\"250\" height=\"150\" \/><\/a> <a href=\"https:\/\/www.marinha.mil.br\/\" target=\"_blank\" rel=\"noopener\"><img loading=\"lazy\" decoding=\"async\" class=\"wp-image-9375 alignnone\" src=\"https:\/\/labcorr.coppe.ufrj.br\/wp-content\/uploads\/2025\/07\/29_07_LABCORR_LogosParceiros_Marinha.png\" alt=\"\" width=\"250\" height=\"150\" \/><\/a> <a href=\"https:\/\/www.casadamoeda.gov.br\/portal\/\" target=\"_blank\" rel=\"noopener\"><img loading=\"lazy\" decoding=\"async\" class=\"wp-image-9378 alignnone\" src=\"https:\/\/labcorr.coppe.ufrj.br\/wp-content\/uploads\/2025\/07\/29_07_LABCORR_LogosParceiros_Casa-da-Moeda.png\" alt=\"\" width=\"250\" height=\"150\" \/><\/a> <a href=\"https:\/\/www.fab.mil.br\/\" target=\"_blank\" rel=\"noopener\"><img loading=\"lazy\" decoding=\"async\" class=\"wp-image-9376 alignnone\" src=\"https:\/\/labcorr.coppe.ufrj.br\/wp-content\/uploads\/2025\/07\/29_07_LABCORR_LogosParceiros_Aeronautica.png\" alt=\"\" width=\"250\" height=\"150\" \/><\/a> <a href=\"https:\/\/www4.infraero.gov.br\/\" target=\"_blank\" rel=\"noopener\"><img loading=\"lazy\" decoding=\"async\" class=\"wp-image-9377 alignnone\" src=\"https:\/\/labcorr.coppe.ufrj.br\/wp-content\/uploads\/2025\/07\/29_07_LABCORR_LogosParceiros_Infraero.png\" alt=\"\" width=\"250\" height=\"150\" \/><\/a> \u00a0<a href=\"https:\/\/www.faperj.br\/\" target=\"_blank\" rel=\"noopener\"><img loading=\"lazy\" decoding=\"async\" class=\"wp-image-9381 alignnone\" src=\"https:\/\/labcorr.coppe.ufrj.br\/wp-content\/uploads\/2025\/07\/29_07_LABCORR_LogosParceiros_Faperj.png\" alt=\"\" width=\"250\" height=\"150\" \/><\/a><a href=\"https:\/\/petrobras.com.br\/\" target=\"_blank\" rel=\"noopener\"><img loading=\"lazy\" decoding=\"async\" class=\"wp-image-9380 alignnone\" src=\"https:\/\/labcorr.coppe.ufrj.br\/wp-content\/uploads\/2025\/07\/29_07_LABCORR_LogosParceiros_petrobras.png\" alt=\"\" width=\"250\" height=\"150\" \/><\/a> <a href=\"https:\/\/www.galp.com\/es\/\" target=\"_blank\" rel=\"noopener\"><img loading=\"lazy\" decoding=\"async\" class=\"wp-image-9382 alignnone\" src=\"https:\/\/labcorr.coppe.ufrj.br\/wp-content\/uploads\/2025\/07\/29_07_LABCORR_LogosParceiros_Galp.png\" alt=\"\" width=\"250\" height=\"150\" \/><\/a> <a href=\"https:\/\/www.shell.com.br\/\" target=\"_blank\" rel=\"noopener\"><img loading=\"lazy\" decoding=\"async\" class=\"wp-image-9383 alignnone\" src=\"https:\/\/labcorr.coppe.ufrj.br\/wp-content\/uploads\/2025\/07\/29_07_LABCORR_LogosParceiros_Shell.png\" alt=\"\" width=\"250\" height=\"150\" \/><\/a> <a href=\"https:\/\/www.leeds.ac.uk\/\" target=\"_blank\" rel=\"noopener\"><img loading=\"lazy\" decoding=\"async\" class=\"alignnone wp-image-10809 size-full\" src=\"https:\/\/labcorr.coppe.ufrj.br\/wp-content\/uploads\/2025\/08\/20_08_LABCORR_LogosParceiros_University.png\" alt=\"\" width=\"300\" height=\"180\" \/><\/a><a href=\"https:\/\/brasil.arcelormittal.com\/\" target=\"_blank\" rel=\"noopener\"><img loading=\"lazy\" decoding=\"async\" class=\"wp-image-9385 alignnone\" src=\"https:\/\/labcorr.coppe.ufrj.br\/wp-content\/uploads\/2025\/07\/29_07_LABCORR_LogosParceiros_ArcelorMittal.png\" alt=\"\" width=\"250\" height=\"150\" \/><\/a> <a href=\"https:\/\/www.usiminas.com\/\" target=\"_blank\" rel=\"noopener\"><img loading=\"lazy\" decoding=\"async\" class=\"alignnone wp-image-9386\" src=\"https:\/\/labcorr.coppe.ufrj.br\/wp-content\/uploads\/2025\/07\/29_07_LABCORR_LogosParceiros_Usiminas.png\" alt=\"\" width=\"250\" height=\"150\" \/><\/a> <a href=\"https:\/\/www.gov.br\/inmetro\/pt-br\" target=\"_blank\" rel=\"noopener\"><img loading=\"lazy\" decoding=\"async\" class=\"alignnone wp-image-9387\" src=\"https:\/\/labcorr.coppe.ufrj.br\/wp-content\/uploads\/2025\/07\/29_07_LABCORR_LogosParceiros_Inmetro.png\" alt=\"\" width=\"250\" height=\"150\" \/><\/a> <a href=\"https:\/\/www.siemens.com\/br\/pt.html\" target=\"_blank\" rel=\"noopener\"><img loading=\"lazy\" decoding=\"async\" class=\"alignnone wp-image-9389\" src=\"https:\/\/labcorr.coppe.ufrj.br\/wp-content\/uploads\/2025\/07\/29_07_LABCORR_LogosParceiros_Siemens.png\" alt=\"\" width=\"250\" height=\"150\" \/><\/a> \u00a0<a href=\"https:\/\/www.gov.br\/capes\/pt-br\" target=\"_blank\" rel=\"noopener\"><img loading=\"lazy\" decoding=\"async\" class=\"alignnone wp-image-9391\" src=\"https:\/\/labcorr.coppe.ufrj.br\/wp-content\/uploads\/2025\/07\/29_07_LABCORR_LogosParceiros_Capes.png\" alt=\"\" width=\"250\" height=\"150\" \/><\/a> <a href=\"https:\/\/www.gov.br\/cnpq\/pt-br\" target=\"_blank\" rel=\"noopener\"><img loading=\"lazy\" decoding=\"async\" class=\"alignnone wp-image-9394\" src=\"https:\/\/labcorr.coppe.ufrj.br\/wp-content\/uploads\/2025\/07\/29_07_LABCORR_LogosParceiros_CNPQ.png\" alt=\"\" width=\"250\" height=\"150\" \/><\/a> <a href=\"https:\/\/embrapii.org.br\/\" target=\"_blank\" rel=\"noopener\"><img loading=\"lazy\" decoding=\"async\" class=\"alignnone wp-image-9392\" src=\"https:\/\/labcorr.coppe.ufrj.br\/wp-content\/uploads\/2025\/07\/29_07_LABCORR_LogosParceiros_Embrapii.png\" alt=\"\" width=\"250\" height=\"150\" \/><\/a> <a href=\"https:\/\/www.gov.br\/int\/pt-br\" target=\"_blank\" rel=\"noopener\"><img loading=\"lazy\" decoding=\"async\" class=\"alignnone wp-image-9393\" src=\"https:\/\/labcorr.coppe.ufrj.br\/wp-content\/uploads\/2025\/07\/29_07_LABCORR_LogosParceiros_INT.png\" alt=\"\" width=\"250\" height=\"150\" \/><\/a> <a href=\"https:\/\/www.daad.org.br\/pt\/\" target=\"_blank\" rel=\"noopener\"><img loading=\"lazy\" decoding=\"async\" class=\"alignnone wp-image-9395\" src=\"https:\/\/labcorr.coppe.ufrj.br\/wp-content\/uploads\/2025\/07\/29_07_LABCORR_LogosParceiros_DAAD.png\" alt=\"\" width=\"250\" height=\"150\" \/><\/a> <a href=\"https:\/\/www.ruhr-uni-bochum.de\/en\" target=\"_blank\" rel=\"noopener\"><img loading=\"lazy\" decoding=\"async\" class=\"alignnone wp-image-9398\" src=\"https:\/\/labcorr.coppe.ufrj.br\/wp-content\/uploads\/2025\/07\/29_07_LABCORR_LogosParceiros_RUB.png\" alt=\"\" width=\"250\" height=\"150\" \/><\/a> <a href=\"https:\/\/www.unife.it\/it\" target=\"_blank\" rel=\"noopener\"><img loading=\"lazy\" decoding=\"async\" class=\"alignnone wp-image-9396\" src=\"https:\/\/labcorr.coppe.ufrj.br\/wp-content\/uploads\/2025\/07\/29_07_LABCORR_LogosParceiros_Viniversita.png\" alt=\"\" width=\"250\" height=\"150\" \/><\/a> <a href=\"http:\/\/www.finep.gov.br\/\" target=\"_blank\" rel=\"noopener\"><img loading=\"lazy\" decoding=\"async\" class=\"alignnone wp-image-9397\" src=\"https:\/\/labcorr.coppe.ufrj.br\/wp-content\/uploads\/2025\/07\/29_07_LABCORR_LogosParceiros_Finep.png\" alt=\"\" width=\"250\" height=\"150\" \/><\/a> <a href=\"https:\/\/ksu.edu.sa\/en\/\" target=\"_blank\" rel=\"noopener\"><img loading=\"lazy\" decoding=\"async\" class=\"alignnone wp-image-9400\" src=\"https:\/\/labcorr.coppe.ufrj.br\/wp-content\/uploads\/2025\/07\/29_07_LABCORR_LogosParceiros_king-saud-university.png\" alt=\"\" width=\"250\" height=\"150\" \/><\/a> <a href=\"https:\/\/ufop.br\/\" target=\"_blank\" rel=\"noopener\"><img loading=\"lazy\" decoding=\"async\" class=\"alignnone wp-image-9403\" src=\"https:\/\/labcorr.coppe.ufrj.br\/wp-content\/uploads\/2025\/07\/29_07_LABCORR_LogosParceiros_UFOP.png\" alt=\"\" width=\"250\" height=\"150\" \/><\/a> <a href=\"https:\/\/www.polimi.it\/\" target=\"_blank\" rel=\"noopener\"><img loading=\"lazy\" decoding=\"async\" class=\"alignnone wp-image-9401\" src=\"https:\/\/labcorr.coppe.ufrj.br\/wp-content\/uploads\/2025\/07\/29_07_LABCORR_LogosParceiros_PolitecnicoMilano.png\" alt=\"\" width=\"250\" height=\"150\" \/><\/a> <a href=\"https:\/\/www.uerj.br\/\" target=\"_blank\" rel=\"noopener\"><img loading=\"lazy\" decoding=\"async\" class=\"alignnone wp-image-9402\" src=\"https:\/\/labcorr.coppe.ufrj.br\/wp-content\/uploads\/2025\/07\/29_07_LABCORR_LogosParceiros_UERJ.png\" alt=\"\" width=\"250\" height=\"150\" \/><\/a> <a href=\"https:\/\/www.uff.br\/\" target=\"_blank\" rel=\"noopener\"><img loading=\"lazy\" decoding=\"async\" class=\"alignnone wp-image-9404\" src=\"https:\/\/labcorr.coppe.ufrj.br\/wp-content\/uploads\/2025\/07\/29_07_LABCORR_LogosParceiros_UFF.png\" alt=\"\" width=\"250\" height=\"150\" \/><\/a> <a href=\"https:\/\/www.samarco.com\/\" target=\"_blank\" rel=\"noopener\"><img loading=\"lazy\" decoding=\"async\" class=\"alignnone wp-image-9407\" src=\"https:\/\/labcorr.coppe.ufrj.br\/wp-content\/uploads\/2025\/07\/29_07_LABCORR_LogosParceiros_Samarco.png\" alt=\"\" width=\"250\" height=\"150\" \/><\/a> <a href=\"https:\/\/www.ufsj.edu.br\/\" target=\"_blank\" rel=\"noopener\"><img loading=\"lazy\" decoding=\"async\" class=\"alignnone wp-image-10723 size-full\" src=\"https:\/\/labcorr.coppe.ufrj.br\/wp-content\/uploads\/2025\/08\/20_08_LABCORR_LogosParceiros_UFSJ.png\" alt=\"\" width=\"300\" height=\"180\" \/><\/a> <a href=\"https:\/\/www.gov.br\/anp\/pt-br\" target=\"_blank\" rel=\"noopener\"><img loading=\"lazy\" decoding=\"async\" class=\"alignnone wp-image-9406\" src=\"https:\/\/labcorr.coppe.ufrj.br\/wp-content\/uploads\/2025\/07\/29_07_LABCORR_LogosParceiros_ANP.png\" alt=\"\" width=\"250\" height=\"150\" \/><\/a> <a href=\"https:\/\/www.bndes.gov.br\/wps\/portal\/site\/home\" target=\"_blank\" rel=\"noopener\"><img loading=\"lazy\" decoding=\"async\" class=\"alignnone wp-image-9408\" src=\"https:\/\/labcorr.coppe.ufrj.br\/wp-content\/uploads\/2025\/07\/29_07_LABCORR_LogosParceiros_BNDES.png\" alt=\"\" width=\"250\" height=\"150\" \/><\/a> <a href=\"https:\/\/www.puc-rio.br\/index.html\" target=\"_blank\" rel=\"noopener\"><img loading=\"lazy\" decoding=\"async\" class=\"alignnone wp-image-9409\" src=\"https:\/\/labcorr.coppe.ufrj.br\/wp-content\/uploads\/2025\/07\/29_07_LABCORR_LogosParceiros_PucRio.png\" alt=\"\" width=\"250\" height=\"150\" \/><\/a><a href=\"https:\/\/www.irbre.com\/\" target=\"_blank\" rel=\"noopener\"><img loading=\"lazy\" decoding=\"async\" class=\"alignnone wp-image-9411\" src=\"https:\/\/labcorr.coppe.ufrj.br\/wp-content\/uploads\/2025\/07\/29_07_LABCORR_LogosParceiros_Irbre.png\" alt=\"\" width=\"250\" height=\"150\" \/><\/a> <a href=\"https:\/\/brazil.vallourec.com\/\" target=\"_blank\" rel=\"noopener\"><img loading=\"lazy\" decoding=\"async\" class=\"alignnone wp-image-9412\" src=\"https:\/\/labcorr.coppe.ufrj.br\/wp-content\/uploads\/2025\/07\/29_07_LABCORR_LogosParceiros_Vallourec.png\" alt=\"\" width=\"250\" height=\"150\" \/><\/a><a href=\"https:\/\/4subsea.com\/\" target=\"_blank\" rel=\"noopener\"><img loading=\"lazy\" decoding=\"async\" class=\"alignnone wp-image-9412\" src=\"https:\/\/labcorr.coppe.ufrj.br\/wp-content\/uploads\/2025\/08\/20_08_LABCORR_LogosParceiros_Subsea.png\" alt=\"\" width=\"250\" height=\"150\" \/><\/a><a href=\"https:\/\/www.technipfmc.com\/\" target=\"_blank\" rel=\"noopener\"><img loading=\"lazy\" decoding=\"async\" class=\"alignnone wp-image-9412\" src=\"https:\/\/labcorr.coppe.ufrj.br\/wp-content\/uploads\/2025\/08\/20_08_LABCORR_LogosParceiros_Technip.png\" alt=\"\" width=\"250\" height=\"150\" \/><\/a><a href=\"https:\/\/brasil.angloamerican.com\/pt-pt\" target=\"_blank\" rel=\"noopener\"><img loading=\"lazy\" decoding=\"async\" class=\"alignnone wp-image-9412\" src=\"https:\/\/labcorr.coppe.ufrj.br\/wp-content\/uploads\/2025\/08\/20_08_LABCORR_LogosParceiros_Aglo-American.png\" alt=\"\" width=\"250\" height=\"150\" \/><\/a><a href=\"https:\/\/www.ntnu.edu\/\" target=\"_blank\" rel=\"noopener\"><img loading=\"lazy\" decoding=\"async\" class=\"alignnone wp-image-9412\" src=\"https:\/\/labcorr.coppe.ufrj.br\/wp-content\/uploads\/2025\/08\/20_08_LABCORR_LogosParceiros_NTNU.png\" alt=\"\" width=\"250\" height=\"150\" \/><\/a><a href=\"https:\/\/www.institut-corrosion.fr\/?lang=en\" target=\"_blank\" rel=\"noopener\"><img loading=\"lazy\" decoding=\"async\" class=\"alignnone wp-image-9412\" src=\"https:\/\/labcorr.coppe.ufrj.br\/wp-content\/uploads\/2025\/08\/20_08_LABCORR_LogosParceiros_cropped.png\" alt=\"\" width=\"250\" height=\"150\" \/><\/a><a href=\"https:\/\/ife.no\/en\/front-page\/\" target=\"_blank\" rel=\"noopener\"><img loading=\"lazy\" decoding=\"async\" class=\"alignnone wp-image-9412\" src=\"https:\/\/labcorr.coppe.ufrj.br\/wp-content\/uploads\/2025\/08\/20_08_LABCORR_LogosParceiros_IFE.png\" alt=\"\" width=\"250\" height=\"150\" \/><\/a><a href=\"https:\/\/cesteq.wixsite.com\/cesteq\" target=\"_blank\" rel=\"noopener\"><img loading=\"lazy\" decoding=\"async\" class=\"alignnone wp-image-10733 size-full\" src=\"https:\/\/labcorr.coppe.ufrj.br\/wp-content\/uploads\/2025\/08\/20_08_LABCORR_LogosParceiros_Cesteq.png\" alt=\"\" width=\"300\" height=\"180\" \/><\/a><\/div>\n<p><\/p><\/div><\/div><\/div><\/div><\/div> <a href=\"https:\/\/labcorr.coppe.ufrj.br\/index.php\/parceiros\/#more-26\" class=\"more-link elementor-more-link\"><span aria-label=\"Continuar lendo Parceiros\">(mais&hellip;)<\/span><\/a>","protected":false},"excerpt":{"rendered":"<p>Voc\u00ea est\u00e1 aqui: In\u00edcio<\/p>\n","protected":false},"author":2,"featured_media":0,"parent":0,"menu_order":0,"comment_status":"closed","ping_status":"closed","template":"","meta":{"footnotes":""},"class_list":["post-26","page","type-page","status-publish","hentry"],"_links":{"self":[{"href":"https:\/\/labcorr.coppe.ufrj.br\/index.php\/wp-json\/wp\/v2\/pages\/26","targetHints":{"allow":["GET"]}}],"collection":[{"href":"https:\/\/labcorr.coppe.ufrj.br\/index.php\/wp-json\/wp\/v2\/pages"}],"about":[{"href":"https:\/\/labcorr.coppe.ufrj.br\/index.php\/wp-json\/wp\/v2\/types\/page"}],"author":[{"embeddable":true,"href":"https:\/\/labcorr.coppe.ufrj.br\/index.php\/wp-json\/wp\/v2\/users\/2"}],"replies":[{"embeddable":true,"href":"https:\/\/labcorr.coppe.ufrj.br\/index.php\/wp-json\/wp\/v2\/comments?post=26"}],"version-history":[{"count":159,"href":"https:\/\/labcorr.coppe.ufrj.br\/index.php\/wp-json\/wp\/v2\/pages\/26\/revisions"}],"predecessor-version":[{"id":10812,"href":"https:\/\/labcorr.coppe.ufrj.br\/index.php\/wp-json\/wp\/v2\/pages\/26\/revisions\/10812"}],"wp:attachment":[{"href":"https:\/\/labcorr.coppe.ufrj.br\/index.php\/wp-json\/wp\/v2\/media?parent=26"}],"curies":[{"name":"wp","href":"https:\/\/api.w.org\/{rel}","templated":true}]}}