{"id":1219,"date":"2025-01-13T15:25:07","date_gmt":"2025-01-13T18:25:07","guid":{"rendered":"https:\/\/labcorr.coppe.ufrj.br\/?page_id=1219"},"modified":"2025-11-27T15:56:16","modified_gmt":"2025-11-27T18:56:16","slug":"apresentacao","status":"publish","type":"page","link":"https:\/\/labcorr.coppe.ufrj.br\/index.php\/o-labcorr\/apresentacao\/","title":{"rendered":"Apresenta\u00e7\u00e3o"},"content":{"rendered":"\t\t<div data-elementor-type=\"wp-page\" data-elementor-id=\"1219\" class=\"elementor elementor-1219\" data-elementor-post-type=\"page\">\n\t\t\t\t<div class=\"elementor-element elementor-element-621ee24d e-flex e-con-boxed wpr-particle-no wpr-jarallax-no wpr-parallax-no wpr-sticky-section-no wpr-column-slider-no wpr-equal-height-no e-con e-parent\" data-id=\"621ee24d\" data-element_type=\"container\" data-e-type=\"container\" data-settings=\"{&quot;jet_parallax_layout_list&quot;:[]}\">\n\t\t\t\t\t<div class=\"e-con-inner\">\n\t\t<div class=\"elementor-element elementor-element-91f9514 e-con-full e-flex wpr-particle-no wpr-jarallax-no wpr-parallax-no wpr-sticky-section-no wpr-column-slider-no wpr-equal-height-no e-con e-child\" data-id=\"91f9514\" data-element_type=\"container\" data-e-type=\"container\" data-settings=\"{&quot;background_background&quot;:&quot;classic&quot;,&quot;jet_parallax_layout_list&quot;:[]}\">\n\t\t\t\t<div class=\"elementor-element elementor-element-04592fb jet-breadcrumbs-align-left elementor-widget elementor-widget-jet-breadcrumbs\" data-id=\"04592fb\" data-element_type=\"widget\" data-e-type=\"widget\" data-widget_type=\"jet-breadcrumbs.default\">\n\t\t\t\t<div class=\"elementor-widget-container\">\n\t\t\t\t\t<div class=\"elementor-jet-breadcrumbs jet-blocks\">\n\t\t<div class=\"jet-breadcrumbs\">\n\t\t<div class=\"jet-breadcrumbs__content\">\n\t\t\t<div class=\"jet-breadcrumbs__browse\">Voc\u00ea est\u00e1 aqui:<\/div> \n\t\t<div class=\"jet-breadcrumbs__wrap\"><div class=\"jet-breadcrumbs__item\"><a href=\"https:\/\/labcorr.coppe.ufrj.br\/\" class=\"jet-breadcrumbs__item-link is-home\" rel=\"home\" title=\"In\u00edcio\">In\u00edcio<\/a><\/div>\n\t\t<\/div>\n\t\t<\/div>\n\t\t<\/div><\/div>\t\t\t\t<\/div>\n\t\t\t\t<\/div>\n\t\t\t\t<\/div>\n\t\t\t\t\t<\/div>\n\t\t\t\t<\/div>\n\t\t<div class=\"elementor-element elementor-element-7140bacc e-flex e-con-boxed wpr-particle-no wpr-jarallax-no wpr-parallax-no wpr-sticky-section-no wpr-column-slider-no wpr-equal-height-no e-con e-parent\" data-id=\"7140bacc\" data-element_type=\"container\" data-e-type=\"container\" data-settings=\"{&quot;jet_parallax_layout_list&quot;:[],&quot;background_background&quot;:&quot;classic&quot;}\">\n\t\t\t\t\t<div class=\"e-con-inner\">\n\t\t<div class=\"elementor-element elementor-element-7078c523 e-con-full elementor-hidden-mobile_extra elementor-hidden-mobile elementor-hidden-tablet e-flex wpr-particle-no wpr-jarallax-no wpr-parallax-no wpr-sticky-section-no wpr-column-slider-no wpr-equal-height-no e-con e-child\" data-id=\"7078c523\" data-element_type=\"container\" data-e-type=\"container\" data-settings=\"{&quot;jet_parallax_layout_list&quot;:[]}\">\n\t\t\t\t<div class=\"elementor-element elementor-element-50f5b057 menu-lateral elementor-nav-menu--dropdown-none elementor-widget elementor-widget-nav-menu\" data-id=\"50f5b057\" data-element_type=\"widget\" data-e-type=\"widget\" data-settings=\"{&quot;layout&quot;:&quot;vertical&quot;,&quot;submenu_icon&quot;:{&quot;value&quot;:&quot;&lt;svg aria-hidden=\\&quot;true\\&quot; class=\\&quot;e-font-icon-svg e-fas-caret-down\\&quot; viewBox=\\&quot;0 0 320 512\\&quot; xmlns=\\&quot;http:\\\/\\\/www.w3.org\\\/2000\\\/svg\\&quot;&gt;&lt;path d=\\&quot;M31.3 192h257.3c17.8 0 26.7 21.5 14.1 34.1L174.1 354.8c-7.8 7.8-20.5 7.8-28.3 0L17.2 226.1C4.6 213.5 13.5 192 31.3 192z\\&quot;&gt;&lt;\\\/path&gt;&lt;\\\/svg&gt;&quot;,&quot;library&quot;:&quot;fa-solid&quot;}}\" data-widget_type=\"nav-menu.default\">\n\t\t\t\t<div class=\"elementor-widget-container\">\n\t\t\t\t\t\t\t\t<nav aria-label=\"Menu\" class=\"elementor-nav-menu--main elementor-nav-menu__container elementor-nav-menu--layout-vertical e--pointer-underline e--animation-fade\">\n\t\t\t\t<ul id=\"menu-1-50f5b057\" class=\"elementor-nav-menu sm-vertical\"><li class=\"menu-item menu-item-type-custom menu-item-object-custom menu-item-has-children menu-item-10145\"><a class=\"elementor-item\">O LABCORR<\/a>\n<ul class=\"sub-menu elementor-nav-menu--dropdown\">\n\t<li class=\"menu-item menu-item-type-post_type menu-item-object-page menu-item-10141\"><a href=\"https:\/\/labcorr.coppe.ufrj.br\/index.php\/o-labcorr\/apresentacao\/\" class=\"elementor-sub-item\">Apresenta\u00e7\u00e3o<\/a><\/li>\n\t<li class=\"menu-item menu-item-type-post_type menu-item-object-page menu-item-10142\"><a href=\"https:\/\/labcorr.coppe.ufrj.br\/index.php\/o-labcorr\/missao-visao-e-politica\/\" class=\"elementor-sub-item\">Miss\u00e3o, Vis\u00e3o e Pol\u00edtica<\/a><\/li>\n\t<li class=\"menu-item menu-item-type-post_type menu-item-object-page menu-item-10143\"><a href=\"https:\/\/labcorr.coppe.ufrj.br\/index.php\/o-labcorr\/organograma\/\" class=\"elementor-sub-item\">Organograma<\/a><\/li>\n\t<li class=\"menu-item menu-item-type-custom menu-item-object-custom menu-item-has-children menu-item-5290\"><a class=\"elementor-sub-item\">Equipe<\/a>\n\t<ul class=\"sub-menu elementor-nav-menu--dropdown\">\n\t\t<li class=\"menu-item menu-item-type-post_type menu-item-object-page menu-item-5291\"><a href=\"https:\/\/labcorr.coppe.ufrj.br\/index.php\/o-labcorr\/equipe\/coordenador\/\" class=\"elementor-sub-item\">Coordenador<\/a><\/li>\n\t\t<li class=\"menu-item menu-item-type-post_type menu-item-object-page menu-item-11233\"><a href=\"https:\/\/labcorr.coppe.ufrj.br\/index.php\/o-labcorr\/equipe\/professor-assistente\/\" class=\"elementor-sub-item\">Professor Assistente<\/a><\/li>\n\t\t<li class=\"menu-item menu-item-type-post_type menu-item-object-page menu-item-5293\"><a href=\"https:\/\/labcorr.coppe.ufrj.br\/index.php\/o-labcorr\/equipe\/pesquisadores\/\" class=\"elementor-sub-item\">Pesquisadores<\/a><\/li>\n\t\t<li class=\"menu-item menu-item-type-post_type menu-item-object-page menu-item-5292\"><a href=\"https:\/\/labcorr.coppe.ufrj.br\/index.php\/o-labcorr\/equipe\/tecnicos\/\" class=\"elementor-sub-item\">T\u00e9cnicos<\/a><\/li>\n\t\t<li class=\"menu-item menu-item-type-post_type menu-item-object-page menu-item-11355\"><a href=\"https:\/\/labcorr.coppe.ufrj.br\/index.php\/o-labcorr\/equipe\/doutorado\/\" class=\"elementor-sub-item\">Doutorado<\/a><\/li>\n\t\t<li class=\"menu-item menu-item-type-post_type menu-item-object-page menu-item-11354\"><a href=\"https:\/\/labcorr.coppe.ufrj.br\/index.php\/o-labcorr\/equipe\/pos-doutorado\/\" class=\"elementor-sub-item\">P\u00f3s-doutorado<\/a><\/li>\n\t<\/ul>\n<\/li>\n\t<li class=\"menu-item menu-item-type-post_type menu-item-object-page menu-item-10580\"><a href=\"https:\/\/labcorr.coppe.ufrj.br\/index.php\/o-labcorr\/servicos\/\" class=\"elementor-sub-item\">Servi\u00e7os<\/a><\/li>\n\t<li class=\"menu-item menu-item-type-post_type menu-item-object-page menu-item-10581\"><a href=\"https:\/\/labcorr.coppe.ufrj.br\/index.php\/o-labcorr\/setores-de-atuacao\/\" class=\"elementor-sub-item\">Setores de Atua\u00e7\u00e3o<\/a><\/li>\n<\/ul>\n<\/li>\n<li class=\"menu-item menu-item-type-custom menu-item-object-custom menu-item-has-children menu-item-5295\"><a class=\"elementor-item\">Destaques<\/a>\n<ul class=\"sub-menu elementor-nav-menu--dropdown\">\n\t<li class=\"menu-item menu-item-type-post_type menu-item-object-page menu-item-5296\"><a href=\"https:\/\/labcorr.coppe.ufrj.br\/index.php\/destaques\/noticias\/\" class=\"elementor-sub-item\">Not\u00edcias<\/a><\/li>\n\t<li class=\"menu-item menu-item-type-post_type menu-item-object-page menu-item-5299\"><a href=\"https:\/\/labcorr.coppe.ufrj.br\/index.php\/destaques\/eventos\/\" class=\"elementor-sub-item\">Eventos<\/a><\/li>\n\t<li class=\"menu-item menu-item-type-post_type menu-item-object-page menu-item-9444\"><a href=\"https:\/\/labcorr.coppe.ufrj.br\/index.php\/destaques\/oportunidades\/\" class=\"elementor-sub-item\">Oportunidades<\/a><\/li>\n<\/ul>\n<\/li>\n<li class=\"menu-item menu-item-type-custom menu-item-object-custom menu-item-has-children menu-item-5303\"><a class=\"elementor-item\">Produ\u00e7\u00e3o Acad\u00eamica<\/a>\n<ul class=\"sub-menu elementor-nav-menu--dropdown\">\n\t<li class=\"menu-item menu-item-type-post_type menu-item-object-page menu-item-5500\"><a href=\"https:\/\/labcorr.coppe.ufrj.br\/index.php\/producao\/dissertacoes-de-mestrado\/\" class=\"elementor-sub-item\">Disserta\u00e7\u00f5es de Mestrado<\/a><\/li>\n\t<li class=\"menu-item menu-item-type-post_type menu-item-object-page menu-item-8005\"><a href=\"https:\/\/labcorr.coppe.ufrj.br\/index.php\/producao\/teses-de-doutorado\/\" class=\"elementor-sub-item\">Teses de Doutorado<\/a><\/li>\n\t<li class=\"menu-item menu-item-type-post_type menu-item-object-page menu-item-6228\"><a href=\"https:\/\/labcorr.coppe.ufrj.br\/index.php\/producao\/publicacoes\/\" class=\"elementor-sub-item\">Publica\u00e7\u00f5es<\/a><\/li>\n\t<li class=\"menu-item menu-item-type-post_type menu-item-object-page menu-item-8006\"><a href=\"https:\/\/labcorr.coppe.ufrj.br\/index.php\/producao\/projetos-de-pesquisa\/\" class=\"elementor-sub-item\">Projetos de Pesquisa<\/a><\/li>\n\t<li class=\"menu-item menu-item-type-post_type menu-item-object-page menu-item-8009\"><a href=\"https:\/\/labcorr.coppe.ufrj.br\/index.php\/producao\/patentes\/\" class=\"elementor-sub-item\">Patentes<\/a><\/li>\n<\/ul>\n<\/li>\n<\/ul>\t\t\t<\/nav>\n\t\t\t\t\t\t<nav class=\"elementor-nav-menu--dropdown elementor-nav-menu__container\" aria-hidden=\"true\">\n\t\t\t\t<ul id=\"menu-2-50f5b057\" class=\"elementor-nav-menu sm-vertical\"><li class=\"menu-item menu-item-type-custom menu-item-object-custom menu-item-has-children menu-item-10145\"><a class=\"elementor-item\" tabindex=\"-1\">O LABCORR<\/a>\n<ul class=\"sub-menu elementor-nav-menu--dropdown\">\n\t<li class=\"menu-item menu-item-type-post_type menu-item-object-page menu-item-10141\"><a href=\"https:\/\/labcorr.coppe.ufrj.br\/index.php\/o-labcorr\/apresentacao\/\" class=\"elementor-sub-item\" tabindex=\"-1\">Apresenta\u00e7\u00e3o<\/a><\/li>\n\t<li class=\"menu-item menu-item-type-post_type menu-item-object-page menu-item-10142\"><a href=\"https:\/\/labcorr.coppe.ufrj.br\/index.php\/o-labcorr\/missao-visao-e-politica\/\" class=\"elementor-sub-item\" tabindex=\"-1\">Miss\u00e3o, Vis\u00e3o e Pol\u00edtica<\/a><\/li>\n\t<li class=\"menu-item menu-item-type-post_type menu-item-object-page menu-item-10143\"><a href=\"https:\/\/labcorr.coppe.ufrj.br\/index.php\/o-labcorr\/organograma\/\" class=\"elementor-sub-item\" tabindex=\"-1\">Organograma<\/a><\/li>\n\t<li class=\"menu-item menu-item-type-custom menu-item-object-custom menu-item-has-children menu-item-5290\"><a class=\"elementor-sub-item\" tabindex=\"-1\">Equipe<\/a>\n\t<ul class=\"sub-menu elementor-nav-menu--dropdown\">\n\t\t<li class=\"menu-item menu-item-type-post_type menu-item-object-page menu-item-5291\"><a href=\"https:\/\/labcorr.coppe.ufrj.br\/index.php\/o-labcorr\/equipe\/coordenador\/\" class=\"elementor-sub-item\" tabindex=\"-1\">Coordenador<\/a><\/li>\n\t\t<li class=\"menu-item menu-item-type-post_type menu-item-object-page menu-item-11233\"><a href=\"https:\/\/labcorr.coppe.ufrj.br\/index.php\/o-labcorr\/equipe\/professor-assistente\/\" class=\"elementor-sub-item\" tabindex=\"-1\">Professor Assistente<\/a><\/li>\n\t\t<li class=\"menu-item menu-item-type-post_type menu-item-object-page menu-item-5293\"><a href=\"https:\/\/labcorr.coppe.ufrj.br\/index.php\/o-labcorr\/equipe\/pesquisadores\/\" class=\"elementor-sub-item\" tabindex=\"-1\">Pesquisadores<\/a><\/li>\n\t\t<li class=\"menu-item menu-item-type-post_type menu-item-object-page menu-item-5292\"><a href=\"https:\/\/labcorr.coppe.ufrj.br\/index.php\/o-labcorr\/equipe\/tecnicos\/\" class=\"elementor-sub-item\" tabindex=\"-1\">T\u00e9cnicos<\/a><\/li>\n\t\t<li class=\"menu-item menu-item-type-post_type menu-item-object-page menu-item-11355\"><a href=\"https:\/\/labcorr.coppe.ufrj.br\/index.php\/o-labcorr\/equipe\/doutorado\/\" class=\"elementor-sub-item\" tabindex=\"-1\">Doutorado<\/a><\/li>\n\t\t<li class=\"menu-item menu-item-type-post_type menu-item-object-page menu-item-11354\"><a href=\"https:\/\/labcorr.coppe.ufrj.br\/index.php\/o-labcorr\/equipe\/pos-doutorado\/\" class=\"elementor-sub-item\" tabindex=\"-1\">P\u00f3s-doutorado<\/a><\/li>\n\t<\/ul>\n<\/li>\n\t<li class=\"menu-item menu-item-type-post_type menu-item-object-page menu-item-10580\"><a href=\"https:\/\/labcorr.coppe.ufrj.br\/index.php\/o-labcorr\/servicos\/\" class=\"elementor-sub-item\" tabindex=\"-1\">Servi\u00e7os<\/a><\/li>\n\t<li class=\"menu-item menu-item-type-post_type menu-item-object-page menu-item-10581\"><a href=\"https:\/\/labcorr.coppe.ufrj.br\/index.php\/o-labcorr\/setores-de-atuacao\/\" class=\"elementor-sub-item\" tabindex=\"-1\">Setores de Atua\u00e7\u00e3o<\/a><\/li>\n<\/ul>\n<\/li>\n<li class=\"menu-item menu-item-type-custom menu-item-object-custom menu-item-has-children menu-item-5295\"><a class=\"elementor-item\" tabindex=\"-1\">Destaques<\/a>\n<ul class=\"sub-menu elementor-nav-menu--dropdown\">\n\t<li class=\"menu-item menu-item-type-post_type menu-item-object-page menu-item-5296\"><a href=\"https:\/\/labcorr.coppe.ufrj.br\/index.php\/destaques\/noticias\/\" class=\"elementor-sub-item\" tabindex=\"-1\">Not\u00edcias<\/a><\/li>\n\t<li class=\"menu-item menu-item-type-post_type menu-item-object-page menu-item-5299\"><a href=\"https:\/\/labcorr.coppe.ufrj.br\/index.php\/destaques\/eventos\/\" class=\"elementor-sub-item\" tabindex=\"-1\">Eventos<\/a><\/li>\n\t<li class=\"menu-item menu-item-type-post_type menu-item-object-page menu-item-9444\"><a href=\"https:\/\/labcorr.coppe.ufrj.br\/index.php\/destaques\/oportunidades\/\" class=\"elementor-sub-item\" tabindex=\"-1\">Oportunidades<\/a><\/li>\n<\/ul>\n<\/li>\n<li class=\"menu-item menu-item-type-custom menu-item-object-custom menu-item-has-children menu-item-5303\"><a class=\"elementor-item\" tabindex=\"-1\">Produ\u00e7\u00e3o Acad\u00eamica<\/a>\n<ul class=\"sub-menu elementor-nav-menu--dropdown\">\n\t<li class=\"menu-item menu-item-type-post_type menu-item-object-page menu-item-5500\"><a href=\"https:\/\/labcorr.coppe.ufrj.br\/index.php\/producao\/dissertacoes-de-mestrado\/\" class=\"elementor-sub-item\" tabindex=\"-1\">Disserta\u00e7\u00f5es de Mestrado<\/a><\/li>\n\t<li class=\"menu-item menu-item-type-post_type menu-item-object-page menu-item-8005\"><a href=\"https:\/\/labcorr.coppe.ufrj.br\/index.php\/producao\/teses-de-doutorado\/\" class=\"elementor-sub-item\" tabindex=\"-1\">Teses de Doutorado<\/a><\/li>\n\t<li class=\"menu-item menu-item-type-post_type menu-item-object-page menu-item-6228\"><a href=\"https:\/\/labcorr.coppe.ufrj.br\/index.php\/producao\/publicacoes\/\" class=\"elementor-sub-item\" tabindex=\"-1\">Publica\u00e7\u00f5es<\/a><\/li>\n\t<li class=\"menu-item menu-item-type-post_type menu-item-object-page menu-item-8006\"><a href=\"https:\/\/labcorr.coppe.ufrj.br\/index.php\/producao\/projetos-de-pesquisa\/\" class=\"elementor-sub-item\" tabindex=\"-1\">Projetos de Pesquisa<\/a><\/li>\n\t<li class=\"menu-item menu-item-type-post_type menu-item-object-page menu-item-8009\"><a href=\"https:\/\/labcorr.coppe.ufrj.br\/index.php\/producao\/patentes\/\" class=\"elementor-sub-item\" tabindex=\"-1\">Patentes<\/a><\/li>\n<\/ul>\n<\/li>\n<\/ul>\t\t\t<\/nav>\n\t\t\t\t\t\t<\/div>\n\t\t\t\t<\/div>\n\t\t\t\t<\/div>\n\t\t<div class=\"elementor-element elementor-element-308d6cfc e-con-full e-flex wpr-particle-no wpr-jarallax-no wpr-parallax-no wpr-sticky-section-no wpr-column-slider-no wpr-equal-height-no e-con e-child\" data-id=\"308d6cfc\" data-element_type=\"container\" data-e-type=\"container\" data-settings=\"{&quot;jet_parallax_layout_list&quot;:[]}\">\n\t\t\t\t<div class=\"elementor-element elementor-element-c144074 elementor-widget-divider--view-line elementor-widget elementor-widget-divider\" data-id=\"c144074\" data-element_type=\"widget\" data-e-type=\"widget\" data-widget_type=\"divider.default\">\n\t\t\t\t<div class=\"elementor-widget-container\">\n\t\t\t\t\t\t\t<div class=\"elementor-divider\">\n\t\t\t<span class=\"elementor-divider-separator\">\n\t\t\t\t\t\t<\/span>\n\t\t<\/div>\n\t\t\t\t\t\t<\/div>\n\t\t\t\t<\/div>\n\t\t\t\t<div class=\"elementor-element elementor-element-2da53c84 elementor-widget elementor-widget-text-editor\" data-id=\"2da53c84\" data-element_type=\"widget\" data-e-type=\"widget\" data-widget_type=\"text-editor.default\">\n\t\t\t\t<div class=\"elementor-widget-container\">\n\t\t\t\t\t\t\t\t\t<p>O <strong>Laborat\u00f3rio de Corros\u00e3o<\/strong> da <strong>COPPE\/UFRJ<\/strong>, <strong>Labcorr<\/strong>, tem sua origem na \u00e1rea de <strong>Corros\u00e3o do<\/strong> <strong>PEMM \u2013 Programa de Engenharia Metal\u00fargica e de Materiais\u00ad<\/strong> da COPPE\/UFRJ. O laborat\u00f3rio j\u00e1 formou dezenas de Doutores e Mestres, al\u00e9m de participar com destaque de atividades de <strong>Pesquisa e Desenvolvimento<\/strong>. Ao longo de sua exist\u00eancia, acumula um hist\u00f3rico significativo de publica\u00e7\u00f5es em peri\u00f3dicos indexados e de trabalhos apresentados em <strong>congressos nacionais<\/strong> e <strong>internacionais<\/strong> de renome. Patentes e registros de propriedade intelectual foram originados a partir de resultados alcan\u00e7ados, assim como diversas solu\u00e7\u00f5es foram encaminhadas para problemas relacionados com a corros\u00e3o em setores distintos da economia brasileira.<\/p>\n<p>&nbsp;<\/p>\n<p>S\u00e3o muitas as \u00e1reas de aplica\u00e7\u00e3o do conhecimento gerado pelo Labcorr, como os setores de <strong>\u00f3leo e g\u00e1s, energia, metalurgia, minera\u00e7\u00e3o, transporte, sa\u00fade, meio ambiente<\/strong>, dentre outros. Destaca-se nesse conjunto o setor de \u00f3leo e g\u00e1s, voca\u00e7\u00e3o natural das institui\u00e7\u00f5es de Pesquisa e Desenvolvimento localizadas no Estado do Rio de Janeiro. O hist\u00f3rico de intera\u00e7\u00e3o com esse setor \u00e9 <strong>extenso<\/strong> e <strong>consistente<\/strong>.<\/p>\n<p>&nbsp;<\/p>\n<p>O Labcorr est\u00e1 situado no <strong>Centro de Tecnologia <\/strong>da<strong> Cidade Universit\u00e1ria <\/strong>da UFRJ. Est\u00e1 inserido e integrado \u00e0 estrutura geral de Pesquisa e Desenvolvimento da UFRJ, al\u00e9m de interagir com outros centros de pesquisa. O laborat\u00f3rio conta com uma \u00e1rea constru\u00edda de cerca de 465m2 dividida em v\u00e1rios ambientes laboratoriais, biblioteca, oficina, salas de alunos e do corpo t\u00e9cnico.<\/p>\n<p>&nbsp;<\/p>\n<p>O Laborat\u00f3rio de Corros\u00e3o da COPPE\/UFRJ, em fun\u00e7\u00e3o de sua trajet\u00f3ria, det\u00e9m <strong>maturidade t\u00e9cnica<\/strong> e <strong>experi\u00eancia consolidada<\/strong> em sua \u00e1rea de atua\u00e7\u00e3o, sendo considerado atualmente como um dos mais preparados do pa\u00eds para atender a demanda de solu\u00e7\u00f5es tecnol\u00f3gicas e formar profissionais de excel\u00eancia na \u00e1rea de Corros\u00e3o, al\u00e9m de estar credenciado na <strong>ANP<\/strong> sob o n\u00famero <strong>134\/2014<\/strong>.<\/p>\n<p>&nbsp;<\/p>\n<p><strong>Principais atividades<\/strong><\/p>\n<p>\u2022 Pesquisa Cient\u00edfica e Forma\u00e7\u00e3o de Pessoal<br \/>\n\u2022 Projetos de Pesquisa &amp; Desenvolvimento e Consultorias<br \/>\n\u2022 Cursos de Extens\u00e3o<br \/>\n\u2022 A\u00e7\u00f5es de spin-off<br \/>\n\u2022 Realiza\u00e7\u00e3o de Ensaios e Testes<\/p>\n\t\t\t\t\t\t\t\t<\/div>\n\t\t\t\t<\/div>\n\t\t\t\t<\/div>\n\t\t\t\t\t<\/div>\n\t\t\t\t<\/div>\n\t\t\t\t<\/div>\n\t\t","protected":false},"excerpt":{"rendered":"<p>Voc\u00ea est\u00e1 aqui: In\u00edcio<\/p>\n","protected":false},"author":2,"featured_media":0,"parent":2127,"menu_order":1,"comment_status":"closed","ping_status":"closed","template":"","meta":{"footnotes":""},"class_list":["post-1219","page","type-page","status-publish","hentry"],"_links":{"self":[{"href":"https:\/\/labcorr.coppe.ufrj.br\/index.php\/wp-json\/wp\/v2\/pages\/1219","targetHints":{"allow":["GET"]}}],"collection":[{"href":"https:\/\/labcorr.coppe.ufrj.br\/index.php\/wp-json\/wp\/v2\/pages"}],"about":[{"href":"https:\/\/labcorr.coppe.ufrj.br\/index.php\/wp-json\/wp\/v2\/types\/page"}],"author":[{"embeddable":true,"href":"https:\/\/labcorr.coppe.ufrj.br\/index.php\/wp-json\/wp\/v2\/users\/2"}],"replies":[{"embeddable":true,"href":"https:\/\/labcorr.coppe.ufrj.br\/index.php\/wp-json\/wp\/v2\/comments?post=1219"}],"version-history":[{"count":157,"href":"https:\/\/labcorr.coppe.ufrj.br\/index.php\/wp-json\/wp\/v2\/pages\/1219\/revisions"}],"predecessor-version":[{"id":11513,"href":"https:\/\/labcorr.coppe.ufrj.br\/index.php\/wp-json\/wp\/v2\/pages\/1219\/revisions\/11513"}],"up":[{"embeddable":true,"href":"https:\/\/labcorr.coppe.ufrj.br\/index.php\/wp-json\/wp\/v2\/pages\/2127"}],"wp:attachment":[{"href":"https:\/\/labcorr.coppe.ufrj.br\/index.php\/wp-json\/wp\/v2\/media?parent=1219"}],"curies":[{"name":"wp","href":"https:\/\/api.w.org\/{rel}","templated":true}]}}